{"id":21,"date":"2024-05-03T14:56:08","date_gmt":"2024-05-03T14:56:08","guid":{"rendered":"https:\/\/bodrumdogalkayraktasi.com\/?page_id=21"},"modified":"2025-07-22T14:47:24","modified_gmt":"2025-07-22T11:47:24","slug":"urunler","status":"publish","type":"page","link":"https:\/\/bodrumdogalkayraktasi.com\/?page_id=21","title":{"rendered":"\u00dcr\u00fcnler"},"content":{"rendered":"\t\t<div data-elementor-type=\"wp-page\" data-elementor-id=\"21\" class=\"elementor elementor-21\" data-elementor-post-type=\"page\">\n\t\t\t\t\t\t<section class=\"elementor-section elementor-top-section elementor-element elementor-element-c86ffeb elementor-section-boxed elementor-section-height-default elementor-section-height-default\" data-id=\"c86ffeb\" data-element_type=\"section\" data-e-type=\"section\">\n\t\t\t\t\t\t<div class=\"elementor-container elementor-column-gap-default\">\n\t\t\t\t\t<div class=\"elementor-column elementor-col-100 elementor-top-column elementor-element elementor-element-cd86a9e\" data-id=\"cd86a9e\" data-element_type=\"column\" data-e-type=\"column\">\n\t\t\t<div class=\"elementor-widget-wrap elementor-element-populated\">\n\t\t\t\t\t\t<div class=\"elementor-element elementor-element-81c5510 elementor-widget elementor-widget-heading\" data-id=\"81c5510\" data-element_type=\"widget\" data-e-type=\"widget\" data-widget_type=\"heading.default\">\n\t\t\t\t<div class=\"elementor-widget-container\">\n\t\t\t\t\t<h2 class=\"elementor-heading-title elementor-size-default\">Do\u011fal Kayrak Ta\u015f\u0131<\/h2>\t\t\t\t<\/div>\n\t\t\t\t<\/div>\n\t\t\t\t<div class=\"elementor-element elementor-element-de3c892 elementor-widget elementor-widget-heading\" data-id=\"de3c892\" data-element_type=\"widget\" data-e-type=\"widget\" data-widget_type=\"heading.default\">\n\t\t\t\t<div class=\"elementor-widget-container\">\n\t\t\t\t\t<h2 class=\"elementor-heading-title elementor-size-default\">\u00dcr\u00fcnlerimiz<\/h2>\t\t\t\t<\/div>\n\t\t\t\t<\/div>\n\t\t\t\t<div class=\"elementor-element elementor-element-6e578c6 elementor-grid-4 elementor-grid-mobile-2 elementor-grid-tablet-2 elementor-widget elementor-widget-pp-posts\" data-id=\"6e578c6\" data-element_type=\"widget\" data-e-type=\"widget\" data-widget_type=\"pp-posts.classic\">\n\t\t\t\t<div class=\"elementor-widget-container\">\n\t\t\t\t\t\t\t<div class=\"pp-posts-container\">\n\t\t\t\n\t\t\t\t\t\t\t\t\t\t\n\t\t\t<div class=\"pp-posts pp-posts-skin-classic elementor-grid pp-posts-grid\" data-query-type=\"custom\" data-layout=\"grid\" data-page=\"21\" data-skin=\"classic\">\n\t\t\t\t\t\t\t\t\t\t\t<div class=\"pp-post-wrap pp-grid-item-wrap elementor-grid-item post-104 urunler type-urunler status-publish has-post-thumbnail\">\n\t\t\t\t\t\t<div class=\"pp-post pp-grid-item\">\n\t\t\t\t\t\t<div class=\"pp-post-thumbnail\">\n\t\t\t<a class=\"pp-post-thumbnail-wrap\" href=\"https:\/\/bodrumdogalkayraktasi.com\/?urunler=bodrum-kayrak-tasi\" title=\"Bodrum Kayrak Ta\u015f\u0131\">\n\t\t\t\t<img fetchpriority=\"high\" decoding=\"async\" width=\"305\" height=\"275\" src=\"https:\/\/bodrumdogalkayraktasi.com\/wp-content\/uploads\/2024\/05\/Katman-5.png\" class=\"attachment-full size-full wp-image-646\" alt=\"\" srcset=\"https:\/\/bodrumdogalkayraktasi.com\/wp-content\/uploads\/2024\/05\/Katman-5.png 305w, https:\/\/bodrumdogalkayraktasi.com\/wp-content\/uploads\/2024\/05\/Katman-5-300x270.png 300w\" sizes=\"(max-width: 305px) 100vw, 305px\" \/>\t\t\t<\/a>\n\t\t<\/div>\n\t\t\n\t\t\t\t\n\t\t\t\t<div class=\"pp-post-content-wrap\">\n\t\t\t\t\t<div class=\"pp-post-content\">\n\t\t\t\t\t\t\t\t\t\t\t\t<h2 class=\"pp-post-title\">\n\t\t\t\t<a href=\"https:\/\/bodrumdogalkayraktasi.com\/?urunler=bodrum-kayrak-tasi\">Bodrum Kayrak Ta\u015f\u0131<\/a>\t\t\t<\/h2>\n\t\t\t\t\t\t\t\t<\/div>\n\t\t\t\t\t\t\t\t\t<\/div>\n\n\t\t\t\t\t\t\t<\/div>\n\t\t\t\t\t<\/div>\n\t\t\t\t<div class=\"pp-post-wrap pp-grid-item-wrap elementor-grid-item post-106 urunler type-urunler status-publish has-post-thumbnail\">\n\t\t\t\t\t\t<div class=\"pp-post pp-grid-item\">\n\t\t\t\t\t\t<div class=\"pp-post-thumbnail\">\n\t\t\t<a class=\"pp-post-thumbnail-wrap\" href=\"https:\/\/bodrumdogalkayraktasi.com\/?urunler=sari-kaplama-kayrak-tasi\" title=\"Sar\u0131 Kaplama Kayrak Ta\u015f\u0131\">\n\t\t\t\t<img decoding=\"async\" width=\"305\" height=\"275\" src=\"https:\/\/bodrumdogalkayraktasi.com\/wp-content\/uploads\/2024\/05\/Katman-9.png\" class=\"attachment-full size-full wp-image-650\" alt=\"\" srcset=\"https:\/\/bodrumdogalkayraktasi.com\/wp-content\/uploads\/2024\/05\/Katman-9.png 305w, https:\/\/bodrumdogalkayraktasi.com\/wp-content\/uploads\/2024\/05\/Katman-9-300x270.png 300w\" sizes=\"(max-width: 305px) 100vw, 305px\" \/>\t\t\t<\/a>\n\t\t<\/div>\n\t\t\n\t\t\t\t\n\t\t\t\t<div class=\"pp-post-content-wrap\">\n\t\t\t\t\t<div class=\"pp-post-content\">\n\t\t\t\t\t\t\t\t\t\t\t\t<h2 class=\"pp-post-title\">\n\t\t\t\t<a href=\"https:\/\/bodrumdogalkayraktasi.com\/?urunler=sari-kaplama-kayrak-tasi\">Sar\u0131 Kaplama Kayrak Ta\u015f\u0131<\/a>\t\t\t<\/h2>\n\t\t\t\t\t\t\t\t<\/div>\n\t\t\t\t\t\t\t\t\t<\/div>\n\n\t\t\t\t\t\t\t<\/div>\n\t\t\t\t\t<\/div>\n\t\t\t\t<div class=\"pp-post-wrap pp-grid-item-wrap elementor-grid-item post-108 urunler type-urunler status-publish has-post-thumbnail\">\n\t\t\t\t\t\t<div class=\"pp-post pp-grid-item\">\n\t\t\t\t\t\t<div class=\"pp-post-thumbnail\">\n\t\t\t<a class=\"pp-post-thumbnail-wrap\" href=\"https:\/\/bodrumdogalkayraktasi.com\/?urunler=siyah-kaplama-kayrak-tasi\" title=\"Siyah Kaplama Kayrak Ta\u015f\u0131\">\n\t\t\t\t<img decoding=\"async\" width=\"305\" height=\"275\" src=\"https:\/\/bodrumdogalkayraktasi.com\/wp-content\/uploads\/2024\/05\/6052EBC8-B3D2-4317-8216-5ACBF32DDD84.png\" class=\"attachment-full size-full wp-image-652\" alt=\"\" srcset=\"https:\/\/bodrumdogalkayraktasi.com\/wp-content\/uploads\/2024\/05\/6052EBC8-B3D2-4317-8216-5ACBF32DDD84.png 305w, https:\/\/bodrumdogalkayraktasi.com\/wp-content\/uploads\/2024\/05\/6052EBC8-B3D2-4317-8216-5ACBF32DDD84-300x270.png 300w\" sizes=\"(max-width: 305px) 100vw, 305px\" \/>\t\t\t<\/a>\n\t\t<\/div>\n\t\t\n\t\t\t\t\n\t\t\t\t<div class=\"pp-post-content-wrap\">\n\t\t\t\t\t<div class=\"pp-post-content\">\n\t\t\t\t\t\t\t\t\t\t\t\t<h2 class=\"pp-post-title\">\n\t\t\t\t<a href=\"https:\/\/bodrumdogalkayraktasi.com\/?urunler=siyah-kaplama-kayrak-tasi\">Siyah Kaplama Kayrak Ta\u015f\u0131<\/a>\t\t\t<\/h2>\n\t\t\t\t\t\t\t\t<\/div>\n\t\t\t\t\t\t\t\t\t<\/div>\n\n\t\t\t\t\t\t\t<\/div>\n\t\t\t\t\t<\/div>\n\t\t\t\t<div class=\"pp-post-wrap pp-grid-item-wrap elementor-grid-item post-112 urunler type-urunler status-publish has-post-thumbnail\">\n\t\t\t\t\t\t<div class=\"pp-post pp-grid-item\">\n\t\t\t\t\t\t<div class=\"pp-post-thumbnail\">\n\t\t\t<a class=\"pp-post-thumbnail-wrap\" href=\"https:\/\/bodrumdogalkayraktasi.com\/?urunler=sari-yer-doseme-kayrak-tasi\" title=\"Sar\u0131 Yer D\u00f6\u015feme Kayrak Ta\u015f\u0131\">\n\t\t\t\t<img loading=\"lazy\" decoding=\"async\" width=\"305\" height=\"277\" src=\"https:\/\/bodrumdogalkayraktasi.com\/wp-content\/uploads\/2024\/05\/IMG_1346.png\" class=\"attachment-full size-full wp-image-651\" alt=\"\" srcset=\"https:\/\/bodrumdogalkayraktasi.com\/wp-content\/uploads\/2024\/05\/IMG_1346.png 305w, https:\/\/bodrumdogalkayraktasi.com\/wp-content\/uploads\/2024\/05\/IMG_1346-300x272.png 300w\" sizes=\"(max-width: 305px) 100vw, 305px\" \/>\t\t\t<\/a>\n\t\t<\/div>\n\t\t\n\t\t\t\t\n\t\t\t\t<div class=\"pp-post-content-wrap\">\n\t\t\t\t\t<div class=\"pp-post-content\">\n\t\t\t\t\t\t\t\t\t\t\t\t<h2 class=\"pp-post-title\">\n\t\t\t\t<a href=\"https:\/\/bodrumdogalkayraktasi.com\/?urunler=sari-yer-doseme-kayrak-tasi\">Sar\u0131 Yer D\u00f6\u015feme Kayrak Ta\u015f\u0131<\/a>\t\t\t<\/h2>\n\t\t\t\t\t\t\t\t<\/div>\n\t\t\t\t\t\t\t\t\t<\/div>\n\n\t\t\t\t\t\t\t<\/div>\n\t\t\t\t\t<\/div>\n\t\t\t\t<div class=\"pp-post-wrap pp-grid-item-wrap elementor-grid-item post-130 urunler type-urunler status-publish has-post-thumbnail\">\n\t\t\t\t\t\t<div class=\"pp-post pp-grid-item\">\n\t\t\t\t\t\t<div class=\"pp-post-thumbnail\">\n\t\t\t<a class=\"pp-post-thumbnail-wrap\" href=\"https:\/\/bodrumdogalkayraktasi.com\/?urunler=siyah-yer-doseme-kayrak-tasi\" title=\"Siyah Yer D\u00f6\u015feme Kayrak Ta\u015f\u0131\">\n\t\t\t\t<img loading=\"lazy\" decoding=\"async\" width=\"305\" height=\"277\" src=\"https:\/\/bodrumdogalkayraktasi.com\/wp-content\/uploads\/2024\/05\/IMG_1090.png\" class=\"attachment-full size-full wp-image-653\" alt=\"\" srcset=\"https:\/\/bodrumdogalkayraktasi.com\/wp-content\/uploads\/2024\/05\/IMG_1090.png 305w, https:\/\/bodrumdogalkayraktasi.com\/wp-content\/uploads\/2024\/05\/IMG_1090-300x272.png 300w\" sizes=\"(max-width: 305px) 100vw, 305px\" \/>\t\t\t<\/a>\n\t\t<\/div>\n\t\t\n\t\t\t\t\n\t\t\t\t<div class=\"pp-post-content-wrap\">\n\t\t\t\t\t<div class=\"pp-post-content\">\n\t\t\t\t\t\t\t\t\t\t\t\t<h2 class=\"pp-post-title\">\n\t\t\t\t<a href=\"https:\/\/bodrumdogalkayraktasi.com\/?urunler=siyah-yer-doseme-kayrak-tasi\">Siyah Yer D\u00f6\u015feme Kayrak Ta\u015f\u0131<\/a>\t\t\t<\/h2>\n\t\t\t\t\t\t\t\t<\/div>\n\t\t\t\t\t\t\t\t\t<\/div>\n\n\t\t\t\t\t\t\t<\/div>\n\t\t\t\t\t<\/div>\n\t\t\t\t<div class=\"pp-post-wrap pp-grid-item-wrap elementor-grid-item post-114 urunler type-urunler status-publish has-post-thumbnail\">\n\t\t\t\t\t\t<div class=\"pp-post pp-grid-item\">\n\t\t\t\t\t\t<div class=\"pp-post-thumbnail\">\n\t\t\t<a class=\"pp-post-thumbnail-wrap\" href=\"https:\/\/bodrumdogalkayraktasi.com\/?urunler=siyah-kaplama-kayrak-tasi-2\" title=\"Ad\u0131ml\u0131k Kayrak Ta\u015f\u0131\">\n\t\t\t\t<img loading=\"lazy\" decoding=\"async\" width=\"305\" height=\"277\" src=\"https:\/\/bodrumdogalkayraktasi.com\/wp-content\/uploads\/2024\/05\/IMG_0816.png\" class=\"attachment-full size-full wp-image-645\" alt=\"\" srcset=\"https:\/\/bodrumdogalkayraktasi.com\/wp-content\/uploads\/2024\/05\/IMG_0816.png 305w, https:\/\/bodrumdogalkayraktasi.com\/wp-content\/uploads\/2024\/05\/IMG_0816-300x272.png 300w\" sizes=\"(max-width: 305px) 100vw, 305px\" \/>\t\t\t<\/a>\n\t\t<\/div>\n\t\t\n\t\t\t\t\n\t\t\t\t<div class=\"pp-post-content-wrap\">\n\t\t\t\t\t<div class=\"pp-post-content\">\n\t\t\t\t\t\t\t\t\t\t\t\t<h2 class=\"pp-post-title\">\n\t\t\t\t<a href=\"https:\/\/bodrumdogalkayraktasi.com\/?urunler=siyah-kaplama-kayrak-tasi-2\">Ad\u0131ml\u0131k Kayrak Ta\u015f\u0131<\/a>\t\t\t<\/h2>\n\t\t\t\t\t\t\t\t<\/div>\n\t\t\t\t\t\t\t\t\t<\/div>\n\n\t\t\t\t\t\t\t<\/div>\n\t\t\t\t\t<\/div>\n\t\t\t\t<div class=\"pp-post-wrap pp-grid-item-wrap elementor-grid-item post-116 urunler type-urunler status-publish has-post-thumbnail\">\n\t\t\t\t\t\t<div class=\"pp-post pp-grid-item\">\n\t\t\t\t\t\t<div class=\"pp-post-thumbnail\">\n\t\t\t<a class=\"pp-post-thumbnail-wrap\" href=\"https:\/\/bodrumdogalkayraktasi.com\/?urunler=ebatli-kayrak-tasi\" title=\"Ebatl\u0131 Kayrak Ta\u015f\u0131\">\n\t\t\t\t<img loading=\"lazy\" decoding=\"async\" width=\"305\" height=\"277\" src=\"https:\/\/bodrumdogalkayraktasi.com\/wp-content\/uploads\/2024\/05\/Katman-10.png\" class=\"attachment-full size-full wp-image-648\" alt=\"\" srcset=\"https:\/\/bodrumdogalkayraktasi.com\/wp-content\/uploads\/2024\/05\/Katman-10.png 305w, https:\/\/bodrumdogalkayraktasi.com\/wp-content\/uploads\/2024\/05\/Katman-10-300x272.png 300w\" sizes=\"(max-width: 305px) 100vw, 305px\" \/>\t\t\t<\/a>\n\t\t<\/div>\n\t\t\n\t\t\t\t\n\t\t\t\t<div class=\"pp-post-content-wrap\">\n\t\t\t\t\t<div class=\"pp-post-content\">\n\t\t\t\t\t\t\t\t\t\t\t\t<h2 class=\"pp-post-title\">\n\t\t\t\t<a href=\"https:\/\/bodrumdogalkayraktasi.com\/?urunler=ebatli-kayrak-tasi\">Ebatl\u0131 Kayrak Ta\u015f\u0131<\/a>\t\t\t<\/h2>\n\t\t\t\t\t\t\t\t<\/div>\n\t\t\t\t\t\t\t\t\t<\/div>\n\n\t\t\t\t\t\t\t<\/div>\n\t\t\t\t\t<\/div>\n\t\t\t\t<div class=\"pp-post-wrap pp-grid-item-wrap elementor-grid-item post-120 urunler type-urunler status-publish has-post-thumbnail\">\n\t\t\t\t\t\t<div class=\"pp-post pp-grid-item\">\n\t\t\t\t\t\t<div class=\"pp-post-thumbnail\">\n\t\t\t<a class=\"pp-post-thumbnail-wrap\" href=\"https:\/\/bodrumdogalkayraktasi.com\/?urunler=citali-tek-damar-kayrak-tasi\" title=\"\u00c7\u0131tal\u0131 Tek Damar Kayrak Ta\u015f\u0131\">\n\t\t\t\t<img loading=\"lazy\" decoding=\"async\" width=\"305\" height=\"277\" src=\"https:\/\/bodrumdogalkayraktasi.com\/wp-content\/uploads\/2024\/05\/IMG_0058.png\" class=\"attachment-full size-full wp-image-647\" alt=\"\" srcset=\"https:\/\/bodrumdogalkayraktasi.com\/wp-content\/uploads\/2024\/05\/IMG_0058.png 305w, https:\/\/bodrumdogalkayraktasi.com\/wp-content\/uploads\/2024\/05\/IMG_0058-300x272.png 300w\" sizes=\"(max-width: 305px) 100vw, 305px\" \/>\t\t\t<\/a>\n\t\t<\/div>\n\t\t\n\t\t\t\t\n\t\t\t\t<div class=\"pp-post-content-wrap\">\n\t\t\t\t\t<div class=\"pp-post-content\">\n\t\t\t\t\t\t\t\t\t\t\t\t<h2 class=\"pp-post-title\">\n\t\t\t\t<a href=\"https:\/\/bodrumdogalkayraktasi.com\/?urunler=citali-tek-damar-kayrak-tasi\">\u00c7\u0131tal\u0131 Tek Damar Kayrak Ta\u015f\u0131<\/a>\t\t\t<\/h2>\n\t\t\t\t\t\t\t\t<\/div>\n\t\t\t\t\t\t\t\t\t<\/div>\n\n\t\t\t\t\t\t\t<\/div>\n\t\t\t\t\t<\/div>\n\t\t\t\t<div class=\"pp-post-wrap pp-grid-item-wrap elementor-grid-item post-110 urunler type-urunler status-publish has-post-thumbnail\">\n\t\t\t\t\t\t<div class=\"pp-post pp-grid-item\">\n\t\t\t\t\t\t<div class=\"pp-post-thumbnail\">\n\t\t\t<a class=\"pp-post-thumbnail-wrap\" href=\"https:\/\/bodrumdogalkayraktasi.com\/?urunler=fosilli-kayrak-tasi\" title=\"Fosilli Kayrak Ta\u015f\u0131\">\n\t\t\t\t<img loading=\"lazy\" decoding=\"async\" width=\"305\" height=\"275\" src=\"https:\/\/bodrumdogalkayraktasi.com\/wp-content\/uploads\/2024\/05\/IMG_1343.png\" class=\"attachment-full size-full wp-image-649\" alt=\"\" srcset=\"https:\/\/bodrumdogalkayraktasi.com\/wp-content\/uploads\/2024\/05\/IMG_1343.png 305w, https:\/\/bodrumdogalkayraktasi.com\/wp-content\/uploads\/2024\/05\/IMG_1343-300x270.png 300w\" sizes=\"(max-width: 305px) 100vw, 305px\" \/>\t\t\t<\/a>\n\t\t<\/div>\n\t\t\n\t\t\t\t\n\t\t\t\t<div class=\"pp-post-content-wrap\">\n\t\t\t\t\t<div class=\"pp-post-content\">\n\t\t\t\t\t\t\t\t\t\t\t\t<h2 class=\"pp-post-title\">\n\t\t\t\t<a href=\"https:\/\/bodrumdogalkayraktasi.com\/?urunler=fosilli-kayrak-tasi\">Fosilli Kayrak Ta\u015f\u0131<\/a>\t\t\t<\/h2>\n\t\t\t\t\t\t\t\t<\/div>\n\t\t\t\t\t\t\t\t\t<\/div>\n\n\t\t\t\t\t\t\t<\/div>\n\t\t\t\t\t<\/div>\n\t\t\t\t<div class=\"pp-post-wrap pp-grid-item-wrap elementor-grid-item post-118 urunler type-urunler status-publish has-post-thumbnail\">\n\t\t\t\t\t\t<div class=\"pp-post pp-grid-item\">\n\t\t\t\t\t\t<div class=\"pp-post-thumbnail\">\n\t\t\t<a class=\"pp-post-thumbnail-wrap\" href=\"https:\/\/bodrumdogalkayraktasi.com\/?urunler=kilic-kayrak-tasi\" title=\"K\u0131l\u0131\u00e7 Kayrak Ta\u015f\u0131\">\n\t\t\t\t<img loading=\"lazy\" decoding=\"async\" width=\"305\" height=\"277\" src=\"https:\/\/bodrumdogalkayraktasi.com\/wp-content\/uploads\/2024\/05\/kilic-kayrak-tasi.png\" class=\"attachment-full size-full wp-image-160\" alt=\"\" srcset=\"https:\/\/bodrumdogalkayraktasi.com\/wp-content\/uploads\/2024\/05\/kilic-kayrak-tasi.png 305w, https:\/\/bodrumdogalkayraktasi.com\/wp-content\/uploads\/2024\/05\/kilic-kayrak-tasi-300x272.png 300w\" sizes=\"(max-width: 305px) 100vw, 305px\" \/>\t\t\t<\/a>\n\t\t<\/div>\n\t\t\n\t\t\t\t\n\t\t\t\t<div class=\"pp-post-content-wrap\">\n\t\t\t\t\t<div class=\"pp-post-content\">\n\t\t\t\t\t\t\t\t\t\t\t\t<h2 class=\"pp-post-title\">\n\t\t\t\t<a href=\"https:\/\/bodrumdogalkayraktasi.com\/?urunler=kilic-kayrak-tasi\">K\u0131l\u0131\u00e7 Kayrak Ta\u015f\u0131<\/a>\t\t\t<\/h2>\n\t\t\t\t\t\t\t\t<\/div>\n\t\t\t\t\t\t\t\t\t<\/div>\n\n\t\t\t\t\t\t\t<\/div>\n\t\t\t\t\t<\/div>\n\t\t\t\t<div class=\"pp-post-wrap pp-grid-item-wrap elementor-grid-item post-122 urunler type-urunler status-publish has-post-thumbnail\">\n\t\t\t\t\t\t<div class=\"pp-post pp-grid-item\">\n\t\t\t\t\t\t<div class=\"pp-post-thumbnail\">\n\t\t\t<a class=\"pp-post-thumbnail-wrap\" href=\"https:\/\/bodrumdogalkayraktasi.com\/?urunler=hekimkoy-tasi\" title=\"Hekimk\u00f6y Ta\u015f\u0131\">\n\t\t\t\t<img loading=\"lazy\" decoding=\"async\" width=\"305\" height=\"277\" src=\"https:\/\/bodrumdogalkayraktasi.com\/wp-content\/uploads\/2024\/05\/hekimkoy-tasi.png\" class=\"attachment-full size-full wp-image-159\" alt=\"\" srcset=\"https:\/\/bodrumdogalkayraktasi.com\/wp-content\/uploads\/2024\/05\/hekimkoy-tasi.png 305w, https:\/\/bodrumdogalkayraktasi.com\/wp-content\/uploads\/2024\/05\/hekimkoy-tasi-300x272.png 300w\" sizes=\"(max-width: 305px) 100vw, 305px\" \/>\t\t\t<\/a>\n\t\t<\/div>\n\t\t\n\t\t\t\t\n\t\t\t\t<div class=\"pp-post-content-wrap\">\n\t\t\t\t\t<div class=\"pp-post-content\">\n\t\t\t\t\t\t\t\t\t\t\t\t<h2 class=\"pp-post-title\">\n\t\t\t\t<a href=\"https:\/\/bodrumdogalkayraktasi.com\/?urunler=hekimkoy-tasi\">Hekimk\u00f6y Ta\u015f\u0131<\/a>\t\t\t<\/h2>\n\t\t\t\t\t\t\t\t<\/div>\n\t\t\t\t\t\t\t\t\t<\/div>\n\n\t\t\t\t\t\t\t<\/div>\n\t\t\t\t\t<\/div>\n\t\t\t\t\t\t\t\t\t<\/div>\n\t\t\t\n\t\t\t\n\t\t\t\n\t\t\t\n\t\t\t\t\t\t\t\t\t\t\t\t<\/div>\n\n\t\t\n\t\t\t\t\t\t<\/div>\n\t\t\t\t<\/div>\n\t\t\t\t\t<\/div>\n\t\t<\/div>\n\t\t\t\t\t<\/div>\n\t\t<\/section>\n\t\t\t\t<\/div>\n\t\t","protected":false},"excerpt":{"rendered":"<p>Do\u011fal Kayrak Ta\u015f\u0131 \u00dcr\u00fcnlerimiz Bodrum Kayrak Ta\u015f\u0131 Sar\u0131 Kaplama Kayrak Ta\u015f\u0131 Siyah Kaplama Kayrak Ta\u015f\u0131 Sar\u0131 Yer D\u00f6\u015feme Kayrak Ta\u015f\u0131 Siyah Yer D\u00f6\u015feme Kayrak Ta\u015f\u0131 Ad\u0131ml\u0131k Kayrak Ta\u015f\u0131 Ebatl\u0131 Kayrak&#8230;<\/p>\n","protected":false},"author":1,"featured_media":0,"parent":0,"menu_order":0,"comment_status":"closed","ping_status":"closed","template":"elementor_header_footer","meta":{"footnotes":""},"class_list":["post-21","page","type-page","status-publish"],"_links":{"self":[{"href":"https:\/\/bodrumdogalkayraktasi.com\/index.php?rest_route=\/wp\/v2\/pages\/21","targetHints":{"allow":["GET"]}}],"collection":[{"href":"https:\/\/bodrumdogalkayraktasi.com\/index.php?rest_route=\/wp\/v2\/pages"}],"about":[{"href":"https:\/\/bodrumdogalkayraktasi.com\/index.php?rest_route=\/wp\/v2\/types\/page"}],"author":[{"embeddable":true,"href":"https:\/\/bodrumdogalkayraktasi.com\/index.php?rest_route=\/wp\/v2\/users\/1"}],"replies":[{"embeddable":true,"href":"https:\/\/bodrumdogalkayraktasi.com\/index.php?rest_route=%2Fwp%2Fv2%2Fcomments&post=21"}],"version-history":[{"count":3,"href":"https:\/\/bodrumdogalkayraktasi.com\/index.php?rest_route=\/wp\/v2\/pages\/21\/revisions"}],"predecessor-version":[{"id":956,"href":"https:\/\/bodrumdogalkayraktasi.com\/index.php?rest_route=\/wp\/v2\/pages\/21\/revisions\/956"}],"wp:attachment":[{"href":"https:\/\/bodrumdogalkayraktasi.com\/index.php?rest_route=%2Fwp%2Fv2%2Fmedia&parent=21"}],"curies":[{"name":"wp","href":"https:\/\/api.w.org\/{rel}","templated":true}]}}